{"id":73,"date":"2015-09-11T12:12:15","date_gmt":"2015-09-11T10:12:15","guid":{"rendered":"http:\/\/www.psychotherapie-giffhorn.de\/?page_id=73"},"modified":"2026-04-13T12:49:12","modified_gmt":"2026-04-13T10:49:12","slug":"konditionen","status":"publish","type":"page","link":"https:\/\/www.becker-verhaltenstherapie.de\/?page_id=73","title":{"rendered":"Konditionen"},"content":{"rendered":"<div class=\"flex_column av_one_half  flex_column_div av-zero-column-padding first  avia-builder-el-0  el_before_av_one_half  avia-builder-el-first  \" style='border-radius:0px; '><p><div  style='padding-bottom:10px; ' class='av-special-heading av-special-heading-h6    avia-builder-el-1  el_before_av_textblock  avia-builder-el-first  '><h6 class='av-special-heading-tag '  itemprop=\"headline\"  >Information <span class='special_amp'>&#8222;<\/span>Kostenerstattung<span class='special_amp'>&#8220;<\/span> f\u00fcr gesetzlich Versicherte<\/h6><div class='special-heading-border'><div class='special-heading-inner-border' ><\/div><\/div><\/div><br \/>\n<section class=\"av_textblock_section \"  itemscope=\"itemscope\" itemtype=\"https:\/\/schema.org\/CreativeWork\" ><div class='avia_textblock  '   itemprop=\"text\" ><p style=\"text-align: justify;\"><span style=\"line-height: 1.5;\">Als staatlich approbierte psychologische Psychotherapeutin bin ich zur Aus\u00fcbung der Heilkunde zugelassen und im Arztregister der Kassen\u00e4rztlichen Vereinigung Hamburg (KVH) registriert.<\/span><\/p>\n<p style=\"text-align: justify;\">Die Behandlungskosten richten sich nach dem Privatsatz der GOP (Geb\u00fchrenordnung f\u00fcr Psychologen, ca. 167\u20ac pro Sitzung \u00e0 50 min.) und werden von Privatversicherungen und der Beihilfe in der Regel \u00fcbernommen.<\/p>\n<p style=\"text-align: justify;\">Als Mitglied einer gesetzlichen Krankenkasse werden die Kosten f\u00fcr die Therapie nicht automatisch \u00fcbernommen, da ich \u00fcber keinen Kassensitz verf\u00fcge. Es ist jedoch m\u00f6glich, \u00fcber das so genannte Kostenerstattungsverfahren die Finanzierung der Therapie zu erm\u00f6glichen. Gerne unterst\u00fctze ich Sie bei der Antragsstellung. Weitere Infos finden Sie hier: <a href=\"https:\/\/www.therapie.de\/psyche\/info\/fragen\/wichtigste-fragen\/psychotherapie-kostenerstattung\/\">Infos und Tipps zu Kostenerstattung bei Psychotherapie | therapie.de<\/a><\/p>\n<p style=\"text-align: justify;\"><strong>Achtung! Seit 2017 f\u00fchrt ein neues Gesetz leider zu deutlichen Verschlechterungen der Chancen auf Kosten\u00fcbernahme. Daher rechnen Sie bitte damit, dass die Kosten vermutlich privat getragen werden m\u00fcssen.<\/strong><\/p>\n<p style=\"text-align: justify;\">Es ist auch m\u00f6glich, die gesamten Psychotherapiekosten als SelbstzahlerIn zu \u00fcbernehmen.<\/p>\n<\/div><\/section><\/p><\/div>\n<div class=\"flex_column av_one_half  flex_column_div av-zero-column-padding   avia-builder-el-3  el_after_av_one_half  el_before_av_four_fifth  \" style='border-radius:0px; '><p><div  style='padding-bottom:10px; ' class='av-special-heading av-special-heading-h6    avia-builder-el-4  el_before_av_textblock  avia-builder-el-first  '><h6 class='av-special-heading-tag '  itemprop=\"headline\"  >Abrechnung mit der Privaten Krankenversicherung<\/h6><div class='special-heading-border'><div class='special-heading-inner-border' ><\/div><\/div><\/div><br \/>\n<section class=\"av_textblock_section \"  itemscope=\"itemscope\" itemtype=\"https:\/\/schema.org\/CreativeWork\" ><div class='avia_textblock  '   itemprop=\"text\" ><p>Bitte informieren Sie sich\u00a0<em>vor Beginn<\/em>\u00a0der Therapie, ob Psychotherapie ein Bestandteil Ihres pers\u00f6nlichen Tarifs ist und ob es Beschr\u00e4nkungen bez\u00fcglich psychotherapeutischer Leistungen gibt (z.B. Anzahl der Sitzungen pro Kalenderjahr, Erstattungsh\u00f6he etc.). Da das Prozedere der Antragsstellung je Krankenversicherung variiert, informieren Sie sich bitte bei Ihrer Versicherung ob bestimmte Vordrucke, Formulare oder eine formlose Antragsstellung erforderlich sind.<\/p>\n<p>Ich stelle\u00a0Ihnen monatlich Rechnungen \u00fcber die stattgefundenen psychotherapeutischen Leistungen gem\u00e4\u00df der GOP\/GO\u00c4 Geb\u00fchrenordnung, die Sie zun\u00e4chst privat bezahlen und dann zur Kostenr\u00fcckerstattung bei Ihrer Krankenversicherung einreichen.<\/p>\n<\/div><\/section><\/p><\/div>\n<div class=\"flex_column av_four_fifth  flex_column_div av-zero-column-padding first  avia-builder-el-6  el_after_av_one_half  avia-builder-el-last  column-top-margin\" style='border-radius:0px; '><p><div  style='padding-bottom:10px; ' class='av-special-heading av-special-heading-h6    avia-builder-el-7  el_before_av_textblock  avia-builder-el-first  '><h6 class='av-special-heading-tag '  itemprop=\"headline\"  >Kosten (inkl. Mwst.) pro Sitzung<\/h6><div class='special-heading-border'><div class='special-heading-inner-border' ><\/div><\/div><\/div><br \/>\n<section class=\"av_textblock_section \"  itemscope=\"itemscope\" itemtype=\"https:\/\/schema.org\/CreativeWork\" ><div class='avia_textblock  '   itemprop=\"text\" ><p>Therapiesitzung (50 min): ca. 167\u20ac (auf Grundlage der GOP(Ziffer A812), Kurzzeittherapie nach A812 und A801 GOP)<\/p>\n<p>Selbstzahler \/ Coaching (50 min): \u20ac 150<\/p>\n<p>Paargespr\u00e4ch (60 min): \u20ac 180<\/p>\n<p>Angebote zur individuellen Stresspr\u00e4vention je nach zeitlichem Umfang nach Absprache<\/p>\n<p>Online Kurs \u00fcber 6 Wochen, max. 8 Teilnehmer: 470\u20ac inkl. Mwst.<\/p>\n<\/div><\/section><\/p><\/div>\n","protected":false},"excerpt":{"rendered":"","protected":false},"author":1,"featured_media":0,"parent":0,"menu_order":6,"comment_status":"closed","ping_status":"closed","template":"","meta":{"footnotes":""},"_links":{"self":[{"href":"https:\/\/www.becker-verhaltenstherapie.de\/index.php?rest_route=\/wp\/v2\/pages\/73"}],"collection":[{"href":"https:\/\/www.becker-verhaltenstherapie.de\/index.php?rest_route=\/wp\/v2\/pages"}],"about":[{"href":"https:\/\/www.becker-verhaltenstherapie.de\/index.php?rest_route=\/wp\/v2\/types\/page"}],"author":[{"embeddable":true,"href":"https:\/\/www.becker-verhaltenstherapie.de\/index.php?rest_route=\/wp\/v2\/users\/1"}],"replies":[{"embeddable":true,"href":"https:\/\/www.becker-verhaltenstherapie.de\/index.php?rest_route=%2Fwp%2Fv2%2Fcomments&post=73"}],"version-history":[{"count":26,"href":"https:\/\/www.becker-verhaltenstherapie.de\/index.php?rest_route=\/wp\/v2\/pages\/73\/revisions"}],"predecessor-version":[{"id":414,"href":"https:\/\/www.becker-verhaltenstherapie.de\/index.php?rest_route=\/wp\/v2\/pages\/73\/revisions\/414"}],"wp:attachment":[{"href":"https:\/\/www.becker-verhaltenstherapie.de\/index.php?rest_route=%2Fwp%2Fv2%2Fmedia&parent=73"}],"curies":[{"name":"wp","href":"https:\/\/api.w.org\/{rel}","templated":true}]}}