{"id":61,"date":"2015-09-07T18:39:37","date_gmt":"2015-09-07T16:39:37","guid":{"rendered":"http:\/\/www.psychotherapie-giffhorn.de\/?page_id=61"},"modified":"2026-04-13T12:49:59","modified_gmt":"2026-04-13T10:49:59","slug":"fokus-achtsamkeit","status":"publish","type":"page","link":"https:\/\/www.becker-verhaltenstherapie.de\/?page_id=61","title":{"rendered":"Gruppenangebote und Vortr\u00e4ge"},"content":{"rendered":"<div class=\"flex_column av_one_full  flex_column_div av-zero-column-padding first  avia-builder-el-0  avia-builder-el-no-sibling  \" style='border-radius:0px; '><section class=\"av_textblock_section \"  itemscope=\"itemscope\" itemtype=\"https:\/\/schema.org\/CreativeWork\" ><div class='avia_textblock  '   itemprop=\"text\" ><p>Gerne biete ich auf Anfrage auch Gruppen &#8211; beruflich oder privat &#8211; Vortr\u00e4ge zu folgenden Themen an:<\/p>\n<p>Stressbew\u00e4ltigung<\/p>\n<p>Schmerzbew\u00e4ltigung<\/p>\n<p>Angstst\u00f6rungen<\/p>\n<p>Selbstf\u00fcrsorge \/ Gesundheitsvorsorge<\/p>\n<p>Entspannungstechniken (Progressive Muskelentspannung \/ Autogenes Training)<\/p>\n<p>Achtsamkeit<\/p>\n<p>Suchtgef\u00e4hrdung\/-beratung<\/p>\n<p>Alle Vortr\u00e4ge beinhalten auch kurze, alltagspraktische \u00dcbungen. Beim Schwerpunkt &#8222;Achtsamkeit&#8220; ist der praktische Teil am Gr\u00f6\u00dften.<\/p>\n<p>Die Kosten richten sich nach der Gruppengr\u00f6\u00dfe und dem zeitlichen Umfang.<\/p>\n<p>\u201eWer eine sch\u00f6ne Stunde verschenkt, weil er an \u00c4rger von gestern denkt oder an Sorgen von morgen, der tut mir leid\u201c (Bugs Bunny)<\/p>\n<p>Auch biete ich Teamsupervision an &#8211; \u00a0zur Kl\u00e4rung eines bestehenden Teamkonfliktes, zur\u00a0Ressourcenfindung\u00a0oder zur Begleitung bei Ver\u00e4nderungsprozessen.<\/p>\n<\/div><\/section><\/div>\n","protected":false},"excerpt":{"rendered":"","protected":false},"author":1,"featured_media":0,"parent":0,"menu_order":5,"comment_status":"closed","ping_status":"closed","template":"","meta":{"footnotes":""},"_links":{"self":[{"href":"https:\/\/www.becker-verhaltenstherapie.de\/index.php?rest_route=\/wp\/v2\/pages\/61"}],"collection":[{"href":"https:\/\/www.becker-verhaltenstherapie.de\/index.php?rest_route=\/wp\/v2\/pages"}],"about":[{"href":"https:\/\/www.becker-verhaltenstherapie.de\/index.php?rest_route=\/wp\/v2\/types\/page"}],"author":[{"embeddable":true,"href":"https:\/\/www.becker-verhaltenstherapie.de\/index.php?rest_route=\/wp\/v2\/users\/1"}],"replies":[{"embeddable":true,"href":"https:\/\/www.becker-verhaltenstherapie.de\/index.php?rest_route=%2Fwp%2Fv2%2Fcomments&post=61"}],"version-history":[{"count":15,"href":"https:\/\/www.becker-verhaltenstherapie.de\/index.php?rest_route=\/wp\/v2\/pages\/61\/revisions"}],"predecessor-version":[{"id":407,"href":"https:\/\/www.becker-verhaltenstherapie.de\/index.php?rest_route=\/wp\/v2\/pages\/61\/revisions\/407"}],"wp:attachment":[{"href":"https:\/\/www.becker-verhaltenstherapie.de\/index.php?rest_route=%2Fwp%2Fv2%2Fmedia&parent=61"}],"curies":[{"name":"wp","href":"https:\/\/api.w.org\/{rel}","templated":true}]}}