{"id":41,"date":"2015-09-06T18:12:38","date_gmt":"2015-09-06T16:12:38","guid":{"rendered":"http:\/\/www.psychotherapie-giffhorn.de\/?page_id=41"},"modified":"2023-03-06T12:35:39","modified_gmt":"2023-03-06T11:35:39","slug":"schwerpunkte","status":"publish","type":"page","link":"https:\/\/www.becker-verhaltenstherapie.de\/?page_id=41","title":{"rendered":"Schwerpunkte"},"content":{"rendered":"<div class=\"flex_column av_four_fifth  flex_column_div av-zero-column-padding first  avia-builder-el-0  el_before_av_image  avia-builder-el-first  \" style='border-radius:0px; '><p><div  style='padding-bottom:10px; ' class='av-special-heading av-special-heading-h6    avia-builder-el-1  el_before_av_textblock  avia-builder-el-first  '><h6 class='av-special-heading-tag '  itemprop=\"headline\"  >Psychotherapie<\/h6><div class='special-heading-border'><div class='special-heading-inner-border' ><\/div><\/div><\/div><br \/>\n<section class=\"av_textblock_section \"  itemscope=\"itemscope\" itemtype=\"https:\/\/schema.org\/CreativeWork\" ><div class='avia_textblock  av_inherit_color '  style='color:#a2c4e8; '  itemprop=\"text\" ><p><span style=\"color: #000000;\">Anders als h\u00e4ufig angenommen gibt es keinen Ma\u00dfstab, wie schlecht es Ihnen gehen muss, damit Sie eine Therapie beginnen &#8222;d\u00fcrfen&#8220;. Leiden ist subjektiv; Sie selbst entscheiden, ob Sie sich so belastet erleben, dass Sie Hilfe in Anspruch nehmen wollen. Genau dann ist es der richtige Zeitpunkt f\u00fcr eine therapeutische Behandlung.<\/span><\/p>\n<p><span style=\"color: #000000;\">Psychischer Leidensdruck \u00e4u\u00dfert sich meist dadurch, dass Gedanken, Gef\u00fchle und\/oder Verhalten nicht mehr so funktionieren, wie es sich der oder die Betroffene w\u00fcnscht. An diesem Punkt kann Ihnen eine verhaltenstherapeutische Behandlung h\u00e4ufig weiterhelfen.<\/span><\/p>\n<p><span style=\"color: #000000;\">Grunds\u00e4tzlich biete ich Therapie f\u00fcr fast alle psychischen St\u00f6rungen sowie Beratung f\u00fcr Schwierigkeiten im privaten oder beruflichen Bereich an. Einige Beispiele sind:<\/span><\/p>\n<ul>\n<li><span style=\"color: #000000;\">\u00c4ngste<\/span><\/li>\n<li><span style=\"color: #000000;\">Depressionen<\/span><\/li>\n<li><span style=\"color: #000000;\">Erkrankungen als Folge erh\u00f6hter Stressbelastung<\/span><\/li>\n<li><span style=\"color: #000000;\">Pers\u00f6nlichkeits &#8211; und Beziehungsst\u00f6rungen<\/span><\/li>\n<li>Traumafolgest\u00f6rungen<\/li>\n<li><span style=\"color: #000000;\">etc.<\/span><\/li>\n<\/ul>\n<p><span style=\"color: #000000;\">Auch Selbstwertprobleme und interaktionelle Schwierigkeiten k\u00f6nnen im Zentrum einer Therapie stehen.<\/span><\/p>\n<p><span style=\"color: #000000;\">Ablauf:<\/span><\/p>\n<p><span style=\"color: #000000;\">In einer Therapie ist es zun\u00e4chst wichtig, Ihre aktuelle Stimmung zu stabilisieren und durch konkrete Verhaltens\u00e4nderungen eine Besserung zu erreichen. Im Fokus sollen Ihre Ressourcen stehen, also Ihre vorhandenen St\u00e4rken und das, was Ihnen weiterhin Freude bereitet. Gleichzeitig erarbeiten wir Schritt f\u00fcr Schritt, wie und warum sich Ihr Leiden entwickelt hat und wie es Ihnen gelingt, auch nach der Therapie selbstst\u00e4ndig Ihre psychische Gesundheit aufrecht zu erhalten.<\/span><\/p>\n<\/div><\/section><\/p><\/div><div  class='avia-image-container  av-styling-    avia-builder-el-3  el_after_av_four_fifth  el_before_av_one_fourth  avia-align-right '  itemprop=\"image\" itemscope=\"itemscope\" itemtype=\"https:\/\/schema.org\/ImageObject\"  ><div class='avia-image-container-inner'><div class='avia-image-overlay-wrap'><img decoding=\"async\" class='wp-image-218 avia-img-lazy-loading-not-218 avia_image' src=\"https:\/\/www.becker-verhaltenstherapie.de\/wp-content\/uploads\/2015\/03\/IMG_5055-e1476613614192-177x300.jpg\" alt='' title='img_5055' height=\"300\" width=\"177\"  itemprop=\"thumbnailUrl\" srcset=\"https:\/\/www.becker-verhaltenstherapie.de\/wp-content\/uploads\/2015\/03\/IMG_5055-e1476613614192-177x300.jpg 177w, https:\/\/www.becker-verhaltenstherapie.de\/wp-content\/uploads\/2015\/03\/IMG_5055-e1476613614192-768x1299.jpg 768w, https:\/\/www.becker-verhaltenstherapie.de\/wp-content\/uploads\/2015\/03\/IMG_5055-e1476613614192-609x1030.jpg 609w, https:\/\/www.becker-verhaltenstherapie.de\/wp-content\/uploads\/2015\/03\/IMG_5055-e1476613614192-887x1500.jpg 887w, https:\/\/www.becker-verhaltenstherapie.de\/wp-content\/uploads\/2015\/03\/IMG_5055-e1476613614192-417x705.jpg 417w, https:\/\/www.becker-verhaltenstherapie.de\/wp-content\/uploads\/2015\/03\/IMG_5055-e1476613614192-450x761.jpg 450w\" sizes=\"(max-width: 177px) 100vw, 177px\" \/><\/div><\/div><\/div><\/p>\n<div class=\"flex_column av_one_fourth  flex_column_div av-zero-column-padding first  avia-builder-el-4  el_after_av_image  el_before_av_one_fourth  \" style='border-radius:0px; '><p><div  style='padding-bottom:10px; ' class='av-special-heading av-special-heading-h6    avia-builder-el-5  el_before_av_textblock  avia-builder-el-first  '><h6 class='av-special-heading-tag '  itemprop=\"headline\"  >Suchttherapie<\/h6><div class='special-heading-border'><div class='special-heading-inner-border' ><\/div><\/div><\/div><br \/>\n<section class=\"av_textblock_section \"  itemscope=\"itemscope\" itemtype=\"https:\/\/schema.org\/CreativeWork\" ><div class='avia_textblock  '   itemprop=\"text\" ><p>Haben Sie sich schon h\u00e4ufiger gedacht &#8222;nur noch einmal!&#8220; und es wieder nicht geschafft? Hat Ihr Umfeld Sie auf Ihr Konsumverhalten aufmerksam gemacht? Hat Ihr Hausarzt Ihnen geraten, nichts mehr zu konsumieren? Kennen Sie Situationen, in denen Sie kontrolliert konsumieren wollten, aber kein Ende gefunden haben?<\/p>\n<p style=\"text-align: justify;\">Wenn Sie einige dieser Fragen mit &#8222;Ja&#8220; beantwortet haben, ist es vielleicht an der Zeit, sich Hilfe zu holen.<\/p>\n<p style=\"text-align: justify;\">Gerne begleite ich Sie auf diesem Weg. Aufgrund meiner langj\u00e4hrigen Erfahrung in der Behandlung von Alkohol-, Medikamentenabh\u00e4ngigen und Konsumenten illegaler Drogen biete ich Ihnen die M\u00f6glichkeit zu einer ambulanten Suchttherapie. Auch kann ich Ihnen helfen, m\u00f6gliche notwendige weitere Schritte einzuleiten. Nat\u00fcrlich besteht auch die M\u00f6glichkeit zu einem einmaligen Beratungstermin.<\/p>\n<\/div><\/section><\/p><\/div>\n<div class=\"flex_column av_one_fourth  flex_column_div av-zero-column-padding   avia-builder-el-7  el_after_av_one_fourth  el_before_av_one_fourth  \" style='border-radius:0px; '><p><div  style='padding-bottom:10px; ' class='av-special-heading av-special-heading-h6    avia-builder-el-8  el_before_av_textblock  avia-builder-el-first  '><h6 class='av-special-heading-tag '  itemprop=\"headline\"  >Paarberatung<\/h6><div class='special-heading-border'><div class='special-heading-inner-border' ><\/div><\/div><\/div><br \/>\n<section class=\"av_textblock_section \"  itemscope=\"itemscope\" itemtype=\"https:\/\/schema.org\/CreativeWork\" ><div class='avia_textblock  '   itemprop=\"text\" ><p style=\"text-align: justify;\">Bei einer Paarberatung ist es\u00a0von zentraler Bedeutung, dass die Interessen beider Partner gleicherma\u00dfen ber\u00fccksichtigt werden und neben der Aufarbeitung interaktioneller Schwierigkeiten auch die positiven Aspekte der Partnerschaft im Fokus stehen. Hier biete ich Ihnen gerne professionelle Unterst\u00fctzung an.<\/p>\n<\/div><\/section><\/p><\/div>\n<div class=\"flex_column av_one_fourth  flex_column_div av-zero-column-padding   avia-builder-el-10  el_after_av_one_fourth  avia-builder-el-last  \" style='border-radius:0px; '><p><div  style='padding-bottom:10px; ' class='av-special-heading av-special-heading-h6    avia-builder-el-11  el_before_av_textblock  avia-builder-el-first  '><h6 class='av-special-heading-tag '  itemprop=\"headline\"  >Coaching<\/h6><div class='special-heading-border'><div class='special-heading-inner-border' ><\/div><\/div><\/div><br \/>\n<section class=\"av_textblock_section \"  itemscope=\"itemscope\" itemtype=\"https:\/\/schema.org\/CreativeWork\" ><div class='avia_textblock  '   itemprop=\"text\" ><p style=\"text-align: justify;\">Ebenso begleite und berate ich Menschen, die sich zwar gut f\u00fchlen, aber Sorge haben, dass aufgrund vieler Belastungen ihre psychische Stabilit\u00e4t gef\u00e4hrdet ist (sog. Pr\u00e4vention).<\/p>\n<p style=\"text-align: justify;\">Auch unterst\u00fctze ich Sie gerne dabei, Ihre pers\u00f6nlichen Kompetenzen und Ressourcen zu entdecken und daraus das f\u00fcr Sie bestm\u00f6gliche Potential in Beruf und Privatleben zu entwickeln.<\/p>\n<\/div><\/section><\/p><\/div>\n","protected":false},"excerpt":{"rendered":"","protected":false},"author":1,"featured_media":0,"parent":0,"menu_order":1,"comment_status":"closed","ping_status":"closed","template":"","meta":{"footnotes":""},"_links":{"self":[{"href":"https:\/\/www.becker-verhaltenstherapie.de\/index.php?rest_route=\/wp\/v2\/pages\/41"}],"collection":[{"href":"https:\/\/www.becker-verhaltenstherapie.de\/index.php?rest_route=\/wp\/v2\/pages"}],"about":[{"href":"https:\/\/www.becker-verhaltenstherapie.de\/index.php?rest_route=\/wp\/v2\/types\/page"}],"author":[{"embeddable":true,"href":"https:\/\/www.becker-verhaltenstherapie.de\/index.php?rest_route=\/wp\/v2\/users\/1"}],"replies":[{"embeddable":true,"href":"https:\/\/www.becker-verhaltenstherapie.de\/index.php?rest_route=%2Fwp%2Fv2%2Fcomments&post=41"}],"version-history":[{"count":25,"href":"https:\/\/www.becker-verhaltenstherapie.de\/index.php?rest_route=\/wp\/v2\/pages\/41\/revisions"}],"predecessor-version":[{"id":379,"href":"https:\/\/www.becker-verhaltenstherapie.de\/index.php?rest_route=\/wp\/v2\/pages\/41\/revisions\/379"}],"wp:attachment":[{"href":"https:\/\/www.becker-verhaltenstherapie.de\/index.php?rest_route=%2Fwp%2Fv2%2Fmedia&parent=41"}],"curies":[{"name":"wp","href":"https:\/\/api.w.org\/{rel}","templated":true}]}}