{"id":297,"date":"2018-05-25T14:14:56","date_gmt":"2018-05-25T12:14:56","guid":{"rendered":"http:\/\/www.becker-verhaltenstherapie.de\/?page_id=297"},"modified":"2021-02-23T21:09:22","modified_gmt":"2021-02-23T20:09:22","slug":"datenschutz","status":"publish","type":"page","link":"https:\/\/www.becker-verhaltenstherapie.de\/?page_id=297","title":{"rendered":"Datenschutz"},"content":{"rendered":"<p><strong>Datenschutzerkl\u00e4rung f\u00fcr Websitebetreiber<\/strong><\/p>\n<p><strong>\u00a0<\/strong><\/p>\n<p>Nach den Vorgaben der Datenschutzgrundverordnung (DSGVO-EU)<\/p>\n<p>&nbsp;<\/p>\n<p>&nbsp;<\/p>\n<ol>\n<li><strong>Sarah Becker<\/strong><\/li>\n<\/ol>\n<p>&nbsp;<\/p>\n<p>Diese Datenschutz-Information gilt f\u00fcr die Datenverarbeitung durch:<\/p>\n<p><strong>\u00a0<\/strong><\/p>\n<p><strong>Verantwortlicher:<\/strong><\/p>\n<p>Privatpraxis f\u00fcr Verhaltenstherapie<\/p>\n<p>Claus Ferck Str. 8, 22359 Hamburg<\/p>\n<p>Deutschland<\/p>\n<p>E-Mail:\u00a0info@becker-verhaltenstherapie.de<\/p>\n<p>Telefon:<\/p>\n<p>Website: <a href=\"http:\/\/www.praxis-xy\">www.<\/a>becker-verhaltenstherapie.de<\/p>\n<p>&nbsp;<\/p>\n<p>&nbsp;<\/p>\n<ol>\n<li><strong>Erhebung und Speicherung personenbezogener Daten sowie Art und Zweck von deren Verwendung<\/strong><\/li>\n<\/ol>\n<p>&nbsp;<\/p>\n<p>Wir erheben und verwenden personenbezogene Daten unserer Nutzer grunds\u00e4tzlich nur, soweit dies zur Bereitstellung einer funktionierenden Website sowie unserer Inhalte und Leistungen erforderlich ist. Die Erhebung und Verwendung personenbezogener Daten unserer Nutzer erfolgt regelm\u00e4\u00dfig nur nach Einwilligung des Nutzers. Eine Ausnahme gilt nur in den F\u00e4llen, in denen eine vorherige Einholung einer Einwilligung aus tats\u00e4chlichen Gr\u00fcnden nicht m\u00f6glich ist und die Verarbeitung der Daten durch gesetzliche Vorschriften gestattet ist.<\/p>\n<p>&nbsp;<\/p>\n<ol>\n<li><strong>a) Bei einem Besuch der Website<\/strong><\/li>\n<\/ol>\n<p><strong>\u00a0<\/strong><\/p>\n<p>Beim Aufrufen unserer Website <a href=\"http:\/\/www.Praxis-xy.de\"><strong>www.becker-verhaltenstherapie.de<\/strong><\/a> werden durch den auf Ihrem jeweiligen Endger\u00e4t zum Einsatz kommenden Browser automatisch Informationen an den Server unserer Website gesendet. Diese Informationen werden vor\u00fcbergehend in einem sog. Logfile gespeichert. Folgende Informationen werden dabei ohne Ihr Zutun erfasst und bis zur automatisierten L\u00f6schung gespeichert:<\/p>\n<p>&nbsp;<\/p>\n<ul>\n<li>Uhrzeit und Datum des Zugriffs,<\/li>\n<li>IP-Adresse des anfragenden Rechners,<\/li>\n<\/ul>\n<ul>\n<li>Name und URL der abgerufenen Datei,<\/li>\n<li>Website, von der aus der Zugriff erfolgt (Referrer-URL),<\/li>\n<li>verwendeter Browser und ggf. das Betriebssystem Ihres Rechners sowie der Name Ihres Access-Providers.<\/li>\n<\/ul>\n<p>&nbsp;<\/p>\n<p>Die genannten Daten werden zu dem folgenden Zwecken durch uns verarbeitet:<\/p>\n<p>&nbsp;<\/p>\n<ul>\n<li>Gew\u00e4hrleistung eines reibungslosen Verbindungsaufbaus der Website,<\/li>\n<li>Gew\u00e4hrleistung einer komfortablen Nutzung unserer Website,<\/li>\n<li>Auswertung der Systemsicherheit und -stabilit\u00e4t sowie<\/li>\n<li>zu weiteren administrativen Zwecken.<\/li>\n<\/ul>\n<p>&nbsp;<\/p>\n<p>Die Rechtsgrundlage f\u00fcr die Datenverarbeitung ist Art.\u00a06 Abs.\u00a01 S.\u00a01 lit.\u00a0f DSGVO. Unser berechtigtes Interesse folgt aus den vorgenannten, oben aufgelisteten Zwecken zur Datenerhebung. In keinem Fall verwenden wir die erhobenen Daten zu dem Zweck, R\u00fcckschl\u00fcsse auf Ihre Person zu ziehen.<\/p>\n<p>&nbsp;<\/p>\n<p>Dar\u00fcber hinaus setzen wir beim Besuch unserer Website keine Cookies sowie Analysedienste ein.<a href=\"#_ftn1\" name=\"_ftnref1\">[1]<\/a><\/p>\n<p>&nbsp;<\/p>\n<p><strong>\u00a0<\/strong><\/p>\n<ol>\n<li><strong>a) Bei Nutzung unseres Kontaktformulars<\/strong><\/li>\n<\/ol>\n<p><strong>\u00a0<\/strong><\/p>\n<p>Auf unserer Website ist ein Kontaktformular eingerichtet, das f\u00fcr die elektronische Kontaktaufnahme genutzt werden kann. Die Angabe einer g\u00fcltigen E-Mail-Adresse ist dabei erforderlich, damit nachvollzogen werden kann, von wem die Anfrage stammt und um diese beantworten zu k\u00f6nnen. Weitere Angaben k\u00f6nnen freiwillig get\u00e4tigt werden.<\/p>\n<p>&nbsp;<\/p>\n<p>Nimmt ein Nutzer die M\u00f6glichkeit des Kontaktformulars wahr, so werden die in der Eingabemaske eingegeben Daten an uns \u00fcbermittelt und gespeichert. Folgende Daten werden gespeichert:<\/p>\n<p>E-Mail-Adresse des Nutzers \/ Name \/ Telefon \/\u00a0Krankenkasse<\/p>\n<p>&nbsp;<\/p>\n<p>Zum Zeitpunkt der Absendung der Nachricht werden zudem folgende Daten gespeichert:<\/p>\n<p>&nbsp;<\/p>\n<p><em>IP-Adresse des Nutzers<\/em><\/p>\n<p><em>\u00a0<\/em><\/p>\n<p>F\u00fcr die Verarbeitung der Daten wird im Rahmen des Absende-Vorgangs Ihre Einwilligung eingeholt und auf diese Datenschutzerkl\u00e4rung verwiesen.<\/p>\n<p>&nbsp;<\/p>\n<p>Alternativ ist eine Kontaktaufnahme \u00fcber die auf unserer Website bereitgestellte Praxis-E-Mail-Adresse m\u00f6glich. In diesem Fall werden die mit der E-Mail \u00fcbermittelten personenbezogenen Daten des Nutzers gespeichert.<\/p>\n<p>&nbsp;<\/p>\n<p>Es erfolgt in diesem Zusammenhang keine Weitergabe der Daten an Dritte. Die Daten werden ausschlie\u00dflich f\u00fcr die Verarbeitung der Kommunikation verwendet. Die Datenverarbeitung zum Zwecke der Kontaktaufnahme mit uns erfolgt nach Art.\u00a06 Abs.\u00a01 S.\u00a01 lit.\u00a0a DSGVO auf Grundlage Ihrer freiwillig erteilten Einwilligung.<\/p>\n<p>&nbsp;<\/p>\n<p>Die f\u00fcr die Benutzung des Kontaktformulars von uns erhobenen personenbezogenen Daten werden nach Erledigung der von Ihnen gestellten Anfrage automatisch gel\u00f6scht.<\/p>\n<p>&nbsp;<\/p>\n<ol start=\"3\">\n<li><strong> Weitergabe von Daten<\/strong><\/li>\n<\/ol>\n<p>&nbsp;<\/p>\n<p>Eine \u00dcbermittlung Ihrer pers\u00f6nlichen Daten an Dritte zu anderen als den im Folgenden aufgef\u00fchrten Zwecken findet nicht statt.<\/p>\n<p>&nbsp;<\/p>\n<p>Wir geben Ihre pers\u00f6nlichen Daten nur an Dritte weiter, wenn:<\/p>\n<p>&nbsp;<\/p>\n<ul>\n<li>Sie Ihre nach Art.\u00a06 Abs.\u00a01 S.\u00a01 lit.\u00a0a DSGVO ausdr\u00fcckliche Einwilligung dazu erteilt haben,<\/li>\n<li>die Weitergabe nach Art.\u00a06 Abs.\u00a01 S.\u00a01 lit.\u00a0f DSGVO zur Geltendmachung, Aus\u00fcbung oder Verteidigung von Rechtsanspr\u00fcchen erforderlich ist und kein Grund zur Annahme besteht, dass Sie ein \u00fcberwiegendes schutzw\u00fcrdiges Interesse an der Nichtweitergabe Ihrer Daten haben,<\/li>\n<li>f\u00fcr den Fall, dass f\u00fcr die Weitergabe nach Art.\u00a06 Abs.\u00a01 S.\u00a01 lit.\u00a0c DSGVO eine gesetzliche Verpflichtung besteht, sowie<\/li>\n<li>dies gesetzlich zul\u00e4ssig und nach Art.\u00a06 Abs.\u00a01 S.\u00a01 lit.\u00a0b DSGVO f\u00fcr die Abwicklung von Vertragsverh\u00e4ltnissen mit Ihnen erforderlich ist.<\/li>\n<\/ul>\n<p>&nbsp;<\/p>\n<p>&nbsp;<\/p>\n<ol start=\"4\">\n<li><strong> Betroffenenrechte<\/strong><\/li>\n<\/ol>\n<p>&nbsp;<\/p>\n<p>Sie haben das Recht:<\/p>\n<p>&nbsp;<\/p>\n<ul>\n<li>gem\u00e4\u00df Art.\u00a015 DSGVO <strong>Auskunft \u00fcber Ihre von uns verarbeiteten personenbezogenen Daten<\/strong> zu verlangen. Insbesondere k\u00f6nnen Sie Auskunft \u00fcber die Verarbeitungszwecke, die Kategorie der personenbezogenen Daten, die Kategorien von Empf\u00e4ngern, gegen\u00fcber denen Ihre Daten offengelegt wurden oder werden, die geplante Speicherdauer, das Bestehen eines Rechts auf Berichtigung, L\u00f6schung, Einschr\u00e4nkung der Verarbeitung oder Widerspruch, das Bestehen eines Beschwerderechts, die Herkunft ihrer Daten, sofern diese nicht bei uns erhoben wurden, sowie \u00fcber das Bestehen einer automatisierten Entscheidungsfindung einschlie\u00dflich Profiling und ggf. aussagekr\u00e4ftigen Informationen zu deren Einzelheiten verlangen;<\/li>\n<li>gem\u00e4\u00df Art.\u00a016 DSGVO unverz\u00fcglich die <strong>Berichtigung unrichtiger oder Vervollst\u00e4ndigung<\/strong> Ihrer bei uns gespeicherten personenbezogenen Daten zu verlangen;<\/li>\n<li>gem\u00e4\u00df Art.\u00a017 DSGVO die <strong>L\u00f6schung<\/strong> Ihrer bei uns gespeicherten personenbezogenen Daten zu verlangen, soweit nicht die Verarbeitung zur Aus\u00fcbung des Rechts auf freie Meinungs\u00e4u\u00dferung und Information, zur Erf\u00fcllung einer rechtlichen Verpflichtung, aus Gr\u00fcnden des \u00f6ffentlichen Interesses oder zur Geltendmachung, Aus\u00fcbung oder Verteidigung von Rechtsanspr\u00fcchen erforderlich ist;<\/li>\n<li>gem\u00e4\u00df Art.\u00a018 DSGVO die <strong>Einschr\u00e4nkung der Verarbeitung Ihrer personenbezogenen Daten<\/strong> zu verlangen, soweit die Richtigkeit der Daten von Ihnen bestritten wird, die Verarbeitung unrechtm\u00e4\u00dfig ist, Sie aber deren L\u00f6schung ablehnen und wir die Daten nicht mehr ben\u00f6tigen, Sie jedoch diese zur Geltendmachung, Aus\u00fcbung oder Verteidigung von Rechtsanspr\u00fcchen ben\u00f6tigen oder Sie gem\u00e4\u00df Art.\u00a021 DSGVO Widerspruch gegen die Verarbeitung eingelegt haben;<\/li>\n<li>gem\u00e4\u00df Art.\u00a020 DSGVO Ihre personenbezogenen Daten, die Sie uns bereitgestellt haben, in einem <strong>strukturierten, g\u00e4ngigen und maschinenlesebaren Format<\/strong> zu erhalten oder die \u00dcbermittlung an einen anderen Verantwortlichen zu verlangen;<\/li>\n<li>gem\u00e4\u00df Art.\u00a07 Abs.\u00a03 DSGVO Ihre einmal erteilte <strong>Einwilligung jederzeit gegen\u00fcber uns zu widerrufen.<\/strong> Dies hat zur Folge, dass wir die Datenverarbeitung, die auf dieser Einwilligung beruhte, f\u00fcr die Zukunft nicht mehr fortf\u00fchren d\u00fcrfen und<\/li>\n<li>gem\u00e4\u00df Art.\u00a077 DSGVO sich bei einer <strong>Aufsichtsbeh\u00f6rde zu beschweren<\/strong>. In der Regel k\u00f6nnen Sie sich hierf\u00fcr an die Aufsichtsbeh\u00f6rde Ihres \u00fcblichen Aufenthaltsortes oder Arbeitsplatzes oder unseres Praxissitzes wenden.<\/li>\n<\/ul>\n<p><strong>\u00a0<\/strong><strong>\u00a0<\/strong><\/p>\n<ol start=\"5\">\n<li><strong> Widerspruchsrecht<\/strong><\/li>\n<\/ol>\n<p>&nbsp;<\/p>\n<p>Sofern Ihre personenbezogenen Daten auf Grundlage von berechtigten Interessen gem\u00e4\u00df Art.\u00a06 Abs.\u00a01 S.\u00a01 lit.\u00a0f DSGVO verarbeitet werden, haben Sie das Recht, gem\u00e4\u00df Art.\u00a021 DSGVO Widerspruch gegen die Verarbeitung Ihrer personenbezogenen Daten einzulegen, soweit daf\u00fcr Gr\u00fcnde vorliegen, die sich aus Ihrer besonderen Situation ergeben oder sich der Widerspruch gegen Direktwerbung richtet. Im letzteren Fall haben Sie ein generelles Widerspruchsrecht, das ohne Angabe einer besonderen Situation von uns umgesetzt wird.<\/p>\n<p>&nbsp;<\/p>\n<p>M\u00f6chten Sie von Ihrem Widerrufs- oder Widerspruchsrecht Gebrauch machen, gen\u00fcgt eine E-Mail an info@becker-verhaltenstherapie.de<\/p>\n<p>&nbsp;<\/p>\n<ol start=\"6\">\n<li><strong> Datensicherheit<\/strong><\/li>\n<\/ol>\n<p>&nbsp;<\/p>\n<p>Wir verwenden innerhalb des Website-Besuchs das verbreitete SSL-Verfahren (Secure Socket Layer) in Verbindung mit der jeweils h\u00f6chsten Verschl\u00fcsselungsstufe, die von Ihrem Browser unterst\u00fctzt wird. In der Regel handelt es sich dabei um eine 256 Bit Verschl\u00fcsselung. Falls Ihr Browser keine 256-Bit Verschl\u00fcsselung unterst\u00fctzt, greifen wir stattdessen auf 128-Bit v3 Technologie zur\u00fcck. Ob eine einzelne Seite unseres Internetauftrittes verschl\u00fcsselt \u00fcbertragen wird, erkennen Sie an der geschlossenen Darstellung des Sch\u00fcssel- beziehungsweise Schloss-Symbols in der unteren Statusleiste Ihres Browsers.<\/p>\n<p>&nbsp;<\/p>\n<p>Wir bedienen uns im \u00dcbrigen geeigneter technischer und organisatorischer Sicherheitsma\u00dfnahmen, um Ihre Daten gegen zuf\u00e4llige oder vors\u00e4tzliche Manipulationen, teilweisen oder vollst\u00e4ndigen Verlust, Zerst\u00f6rung oder gegen den unbefugten Zugriff Dritter zu sch\u00fctzen. Unsere Sicherheitsma\u00dfnahmen werden entsprechend der technologischen Entwicklung fortlaufend verbessert.<\/p>\n<p>&nbsp;<\/p>\n<p>&nbsp;<\/p>\n<ol start=\"7\">\n<li><strong> Aktualit\u00e4t und \u00c4nderung dieser Datenschutzerkl\u00e4rung<\/strong><\/li>\n<\/ol>\n<p>&nbsp;<\/p>\n<p>Diese Datenschutzerkl\u00e4rung ist aktuell g\u00fcltig und hat den Stand Oktober 2019.<\/p>\n<p>&nbsp;<\/p>\n<p>Durch die Weiterentwicklung unserer Website und Angebote dar\u00fcber oder aufgrund ge\u00e4nderter gesetzlicher beziehungsweise beh\u00f6rdlicher Vorgaben kann es notwendig werden, diese Datenschutzerkl\u00e4rung zu \u00e4ndern.<\/p>\n<p>&nbsp;<\/p>\n<p><a href=\"#_ftnref1\" name=\"_ftn1\"><\/a><\/p>\n","protected":false},"excerpt":{"rendered":"<p>Datenschutzerkl\u00e4rung f\u00fcr Websitebetreiber \u00a0 Nach den Vorgaben der Datenschutzgrundverordnung (DSGVO-EU) &nbsp; &nbsp; Sarah Becker &nbsp; Diese Datenschutz-Information gilt f\u00fcr die Datenverarbeitung durch: \u00a0 Verantwortlicher: Privatpraxis f\u00fcr Verhaltenstherapie Claus Ferck Str. 8, 22359 Hamburg Deutschland E-Mail:\u00a0info@becker-verhaltenstherapie.de Telefon: Website: www.becker-verhaltenstherapie.de &nbsp; &nbsp; Erhebung und Speicherung personenbezogener Daten sowie Art und Zweck von deren Verwendung &nbsp; Wir erheben [&hellip;]<\/p>\n","protected":false},"author":1,"featured_media":0,"parent":34,"menu_order":1,"comment_status":"closed","ping_status":"closed","template":"template-blank.php","meta":{"footnotes":""},"_links":{"self":[{"href":"https:\/\/www.becker-verhaltenstherapie.de\/index.php?rest_route=\/wp\/v2\/pages\/297"}],"collection":[{"href":"https:\/\/www.becker-verhaltenstherapie.de\/index.php?rest_route=\/wp\/v2\/pages"}],"about":[{"href":"https:\/\/www.becker-verhaltenstherapie.de\/index.php?rest_route=\/wp\/v2\/types\/page"}],"author":[{"embeddable":true,"href":"https:\/\/www.becker-verhaltenstherapie.de\/index.php?rest_route=\/wp\/v2\/users\/1"}],"replies":[{"embeddable":true,"href":"https:\/\/www.becker-verhaltenstherapie.de\/index.php?rest_route=%2Fwp%2Fv2%2Fcomments&post=297"}],"version-history":[{"count":3,"href":"https:\/\/www.becker-verhaltenstherapie.de\/index.php?rest_route=\/wp\/v2\/pages\/297\/revisions"}],"predecessor-version":[{"id":329,"href":"https:\/\/www.becker-verhaltenstherapie.de\/index.php?rest_route=\/wp\/v2\/pages\/297\/revisions\/329"}],"up":[{"embeddable":true,"href":"https:\/\/www.becker-verhaltenstherapie.de\/index.php?rest_route=\/wp\/v2\/pages\/34"}],"wp:attachment":[{"href":"https:\/\/www.becker-verhaltenstherapie.de\/index.php?rest_route=%2Fwp%2Fv2%2Fmedia&parent=297"}],"curies":[{"name":"wp","href":"https:\/\/api.w.org\/{rel}","templated":true}]}}