{"id":25,"date":"2015-03-21T21:11:42","date_gmt":"2015-03-21T20:11:42","guid":{"rendered":"http:\/\/www.psychotherapie-giffhorn.de\/?page_id=25"},"modified":"2023-03-16T15:08:03","modified_gmt":"2023-03-16T14:08:03","slug":"profil","status":"publish","type":"page","link":"https:\/\/www.becker-verhaltenstherapie.de\/?page_id=25","title":{"rendered":"Profil"},"content":{"rendered":"<div class=\"flex_column av_two_third  flex_column_div av-zero-column-padding first  avia-builder-el-0  el_before_av_one_third  avia-builder-el-first  \" style='border-radius:0px; '><p><div  style='padding-bottom:10px; ' class='av-special-heading av-special-heading-h6    avia-builder-el-1  el_before_av_textblock  avia-builder-el-first  '><h6 class='av-special-heading-tag '  itemprop=\"headline\"  >Vita\/Qualifikation Dipl.Psych. Sarah Becker<\/h6><div class='special-heading-border'><div class='special-heading-inner-border' ><\/div><\/div><\/div><br \/>\n<section class=\"av_textblock_section \"  itemscope=\"itemscope\" itemtype=\"https:\/\/schema.org\/CreativeWork\" ><div class='avia_textblock  '   itemprop=\"text\" ><p style=\"text-align: justify;\">Nach Abschluss meines Psychologiestudiums 2008 begann ich die Ausbildung zur &#8222;Psychologischen Psychotherapeutin f\u00fcr Verhaltenstherapie&#8220; und meine therapeutische T\u00e4tigkeit in der station\u00e4ren Psychotherapie und Suchthilfe. Seit 2010 habe ich ambulante Psychotherapien an der Institutsambulanz der DGVT Hamburg durchgef\u00fchrt, seit 2014 bin ich in eigener Praxis t\u00e4tig.<\/p>\n<ul>\n<li>Approbation als Verhaltenstherapeutin 2013 (DGVT Hamburg).<\/li>\n<li>Mitglied im Berufsverband der DGVT<\/li>\n<li>In Weiterbildung: EMDR<\/li>\n<li>Fortbildungen in IRRT , ACT, Yoga &amp; Psychotherapie<\/li>\n<li>Trainerzertifikat &#8222;Progressive Muskelrelaxation und Entspannungsverfahren&#8220;<\/li>\n<li>Basisqualifikation &#8222;gewaltfreie Kommunikation (Rosenberg)&#8220;<\/li>\n<li>Aufbaukurs &#8222;motivierende Gespr\u00e4chsf\u00fchrung (&#8222;motivational Interviewing&#8220;)<\/li>\n<li>Schulung &#8222;Trauma und Sucht &#8211; Sicherheit finden&#8220;<\/li>\n<li>Bef\u00e4higung zur Durchf\u00fchrung von Gruppentherapien<\/li>\n<li>Bef\u00e4higung zur Durchf\u00fchrung von \u00fcbenden und suggestiven Verfahren (Hypnotherapie \/ Entspannungsverfahren)<\/li>\n<\/ul>\n<\/div><\/section><\/p><\/div><div class=\"flex_column av_one_third  flex_column_div av-zero-column-padding   avia-builder-el-3  el_after_av_two_third  el_before_av_one_fourth  \" style='border-radius:0px; '><section class=\"av_textblock_section \"  itemscope=\"itemscope\" itemtype=\"https:\/\/schema.org\/CreativeWork\" ><div class='avia_textblock  '  style='font-size:12px; '  itemprop=\"text\" ><blockquote>\n<p><span style=\"color: #383838;\"><em>Leidenschaft f\u00fcr die Arbeit mit Menschen und die \u00dcberzeugung, mit kleinen Ver\u00e4nderungen gro\u00dfe Entwicklungen m\u00f6glich zu machen, pr\u00e4gen meine T\u00e4tigkeit.<\/em><\/span><\/p>\n<\/blockquote>\n<\/div><\/section><\/div><\/p>\n<div class=\"flex_column av_one_fourth  flex_column_div av-zero-column-padding first  avia-builder-el-5  el_after_av_one_third  avia-builder-el-last  column-top-margin\" style='border-radius:0px; '><\/div>\n","protected":false},"excerpt":{"rendered":"","protected":false},"author":1,"featured_media":0,"parent":0,"menu_order":2,"comment_status":"closed","ping_status":"closed","template":"","meta":{"footnotes":""},"_links":{"self":[{"href":"https:\/\/www.becker-verhaltenstherapie.de\/index.php?rest_route=\/wp\/v2\/pages\/25"}],"collection":[{"href":"https:\/\/www.becker-verhaltenstherapie.de\/index.php?rest_route=\/wp\/v2\/pages"}],"about":[{"href":"https:\/\/www.becker-verhaltenstherapie.de\/index.php?rest_route=\/wp\/v2\/types\/page"}],"author":[{"embeddable":true,"href":"https:\/\/www.becker-verhaltenstherapie.de\/index.php?rest_route=\/wp\/v2\/users\/1"}],"replies":[{"embeddable":true,"href":"https:\/\/www.becker-verhaltenstherapie.de\/index.php?rest_route=%2Fwp%2Fv2%2Fcomments&post=25"}],"version-history":[{"count":30,"href":"https:\/\/www.becker-verhaltenstherapie.de\/index.php?rest_route=\/wp\/v2\/pages\/25\/revisions"}],"predecessor-version":[{"id":383,"href":"https:\/\/www.becker-verhaltenstherapie.de\/index.php?rest_route=\/wp\/v2\/pages\/25\/revisions\/383"}],"wp:attachment":[{"href":"https:\/\/www.becker-verhaltenstherapie.de\/index.php?rest_route=%2Fwp%2Fv2%2Fmedia&parent=25"}],"curies":[{"name":"wp","href":"https:\/\/api.w.org\/{rel}","templated":true}]}}