{"id":12,"date":"2015-03-21T17:54:32","date_gmt":"2015-03-21T16:54:32","guid":{"rendered":"http:\/\/www.psychotherapie-giffhorn.de\/?page_id=12"},"modified":"2026-04-13T11:01:34","modified_gmt":"2026-04-13T09:01:34","slug":"home","status":"publish","type":"page","link":"https:\/\/www.becker-verhaltenstherapie.de\/","title":{"rendered":"Home"},"content":{"rendered":"<div  style='padding-bottom:10px; ' class='av-special-heading av-special-heading-h2  blockquote modern-quote modern-centered  avia-builder-el-0  el_before_av_hr  avia-builder-el-first  '><h2 class='av-special-heading-tag '  itemprop=\"headline\"  >Privatpraxis f\u00fcr Verhaltens\u00adtherapie<\/h2><div class='special-heading-border'><div class='special-heading-inner-border' ><\/div><\/div><\/div>\n<div   class='hr hr-short hr-center   avia-builder-el-1  el_after_av_heading  el_before_av_two_fifth '><span class='hr-inner ' ><span class='hr-inner-style'><\/span><\/span><\/div>\n<div class=\"flex_column av_two_fifth  flex_column_div av-zero-column-padding first  avia-builder-el-2  el_after_av_hr  el_before_av_two_fifth  \" style='border-radius:0px; '><p><div  class='avia-image-container avia_animated_image avia_animate_when_almost_visible left-to-right av-styling-    avia-builder-el-3  el_before_av_textblock  avia-builder-el-first  avia-align-center '  itemprop=\"image\" itemscope=\"itemscope\" itemtype=\"https:\/\/schema.org\/ImageObject\"  ><div class='avia-image-container-inner'><div class='avia-image-overlay-wrap'><img decoding=\"async\" class='wp-image-357 avia-img-lazy-loading-not-357 avia_image' src=\"https:\/\/www.becker-verhaltenstherapie.de\/wp-content\/uploads\/2021\/10\/3R2A8344-200x300.jpg\" alt='' title='3R2A8344' height=\"300\" width=\"200\"  itemprop=\"thumbnailUrl\" srcset=\"https:\/\/www.becker-verhaltenstherapie.de\/wp-content\/uploads\/2021\/10\/3R2A8344-200x300.jpg 200w, https:\/\/www.becker-verhaltenstherapie.de\/wp-content\/uploads\/2021\/10\/3R2A8344-688x1030.jpg 688w, https:\/\/www.becker-verhaltenstherapie.de\/wp-content\/uploads\/2021\/10\/3R2A8344-768x1150.jpg 768w, https:\/\/www.becker-verhaltenstherapie.de\/wp-content\/uploads\/2021\/10\/3R2A8344-1026x1536.jpg 1026w, https:\/\/www.becker-verhaltenstherapie.de\/wp-content\/uploads\/2021\/10\/3R2A8344-1368x2048.jpg 1368w, https:\/\/www.becker-verhaltenstherapie.de\/wp-content\/uploads\/2021\/10\/3R2A8344-1002x1500.jpg 1002w, https:\/\/www.becker-verhaltenstherapie.de\/wp-content\/uploads\/2021\/10\/3R2A8344-471x705.jpg 471w, https:\/\/www.becker-verhaltenstherapie.de\/wp-content\/uploads\/2021\/10\/3R2A8344-scaled.jpg 1709w\" sizes=\"(max-width: 200px) 100vw, 200px\" \/><\/div><\/div><\/div><br \/>\n<section class=\"av_textblock_section \"  itemscope=\"itemscope\" itemtype=\"https:\/\/schema.org\/CreativeWork\" ><div class='avia_textblock  '   itemprop=\"text\" ><p>Dipl. Psych. Sarah Becker<\/p>\n<\/div><\/section><\/p><\/div>\n<div class=\"flex_column av_two_fifth  flex_column_div av-zero-column-padding   avia-builder-el-5  el_after_av_two_fifth  el_before_av_section  avia-builder-el-last  \" style='border-radius:0px; '><section class=\"av_textblock_section \"  itemscope=\"itemscope\" itemtype=\"https:\/\/schema.org\/CreativeWork\" ><div class='avia_textblock  '   itemprop=\"text\" ><p><strong><span style=\"line-height: 1.5em;\">Praxisinhaberin: <a href=\"https:\/\/www.becker-verhaltenstherapie.de\/?page_id=25\">Dipl.-Psych. Sarah Becker<\/a>, <\/span><\/strong>Psychologische Psychotherapeutin<\/p>\n<p><strong>Kattjahren 1b\/c in 22359 Hamburg-Volksdorf<\/strong><\/p>\n<p><a href=\"http:\/\/www.volksdorf-vt.de\/?utm_source=becker&amp;utm_medium=partner&amp;utm_campaign=reference\">www.volksdorf-vt.de<\/a><\/p>\n<p>Kontakt: <b>becker(at)volksdorf-vt.de<\/b><\/p>\n<p><strong>Ich verf\u00fcge \u00fcber eine Abrechnungserlaubnis mit privaten Krankenkassen, Beihilfe und Heilf\u00fcrsorge nach GO\u00c4 \/ GOP, jedoch nicht \u00fcber eine Kassen\u00e4rztliche Zulassung f\u00fcr gesetzlich Krankenversicherte, n\u00e4here Infos dazu finden Sie <a href=\"https:\/\/www.becker-verhaltenstherapie.de\/?page_id=73\">hier.<\/a><\/strong><\/p>\n<p><strong> \u00a0ACHTUNG: <\/strong>Die Kontaktaufnahme per Email erfolgt\u00a0unverschl\u00fcsselt! Durch Versand einer Email erkl\u00e4ren Sie sich automatisch mit der\u00a0unverschl\u00fcsselten Daten\u00fcbertragung einverstanden. N\u00e4heres s. Impressum<\/p>\n<p><em><strong>NEWS: Online Kurs &#8211; 6 Wochen &#8211; 1 Gruppencall pro Woche &#8211; f\u00fcr Frauen, die im Alltag viel tragen und merken, dass sie zunehmend ersch\u00f6pft, gereizt oder innerlich angespannt sind. Bei Interesse gern eine Mail schreiben!<\/strong><\/em><\/p>\n<p>Anmeldungen an becker@volksdorf-vt.de<\/p>\n<\/div><\/section><\/div><\/div><\/div><\/div><!-- close content main div --><\/div><\/div><div id='av_section_1'  class='avia-section main_color avia-section-default avia-no-shadow  avia-bg-style-scroll  avia-builder-el-7  el_after_av_two_fifth  el_before_av_image   container_wrap fullsize' style=' '  ><div class='container' ><div class='template-page content  av-content-full alpha units'><div class='post-entry post-entry-type-page post-entry-12'><div class='entry-content-wrapper clearfix'>\n<article  class=\"iconbox iconbox_top main_color    avia-builder-el-8  el_before_av_icon_box  avia-builder-el-first  \"  itemscope=\"itemscope\" itemtype=\"https:\/\/schema.org\/CreativeWork\" ><div class=\"iconbox_content\"><header class=\"entry-content-header\"><div class=\"iconbox_icon heading-color\" aria-hidden='true' data-av_icon='\ue865' data-av_iconfont='entypo-fontello'  ><\/div><h3 class='iconbox_content_title  '  itemprop=\"headline\"  >Herzlich Willkommen!<\/h3><\/header><div class='iconbox_content_container  '  itemprop=\"text\"  ><p>Psychotherapie hei\u00dft unter anderem die Entwicklung neuer Perspektiven in Lebenssituationen, die festgefahren oder nicht zufriedenstellend sind. Gerne helfe ich \u00a0Ihnen dabei, andere Sichtweisen zu gewinnen und Ihre innere Gelassenheit (wieder) herzustellen.<\/p>\n<p>Meine R\u00e4umlichkeiten in Hamburg Volksdorf sind\u00a0leider nicht barrierefrei, bitte beachten Sie dies bei m\u00f6glich Anfragen.<\/p>\n<p>Wir erf\u00fcllen mit unserer Praxis www.volkdorf-vt.de alle Hygieneanforderungen. Eine Therapie per Telefon oder datengesch\u00fctzter Videotechnologie ist ebenfalls problemlos m\u00f6glich.<\/p>\n<\/div><\/div><footer class=\"entry-footer\"><\/footer><\/article>\n<article  class=\"iconbox iconbox_top main_color    avia-builder-el-9  el_after_av_icon_box  avia-builder-el-last  \"  itemscope=\"itemscope\" itemtype=\"https:\/\/schema.org\/CreativeWork\" ><div class=\"iconbox_content\"><header class=\"entry-content-header\"><div class=\"iconbox_icon heading-color\" aria-hidden='true' data-av_icon='\ue84e' data-av_iconfont='entypo-fontello'  ><\/div><h3 class='iconbox_content_title  '  itemprop=\"headline\"  >Methoden<\/h3><\/header><div class='iconbox_content_container  '  itemprop=\"text\"  ><p style=\"text-align: justify;\">Meine therapeutische Haltung\u00a0zeichnet sich durch\u00a0Empathie, Wertsch\u00e4tzung und Echtheit aus.<\/p>\n<p style=\"text-align: justify;\">Als Verhaltenstherapeutin arbeite ich ressourcenorientiert und wende als Methoden z.B. kognitive Umstrukturierung, konfrontative Techniken und lerntheoretische Verfahren an. Erg\u00e4nzend nutze ich in meiner T\u00e4tigkeit Techniken der Traumatherapie (IRRT, EMDR), Achtsamkeits- und Entspannungstechniken sowie hypno- und schematherapeutische Elemente.<\/p>\n<\/div><\/div><footer class=\"entry-footer\"><\/footer><\/article>\n<\/div><\/div><\/div><!-- close content main div --><\/div><\/div><div id='after_section_1'  class='main_color av_default_container_wrap container_wrap fullsize' style=' '  ><div class='container' ><div class='template-page content  av-content-full alpha units'><div class='post-entry post-entry-type-page post-entry-12'><div class='entry-content-wrapper clearfix'><\/p>\n\n","protected":false},"excerpt":{"rendered":"","protected":false},"author":1,"featured_media":0,"parent":0,"menu_order":0,"comment_status":"closed","ping_status":"closed","template":"","meta":{"footnotes":""},"_links":{"self":[{"href":"https:\/\/www.becker-verhaltenstherapie.de\/index.php?rest_route=\/wp\/v2\/pages\/12"}],"collection":[{"href":"https:\/\/www.becker-verhaltenstherapie.de\/index.php?rest_route=\/wp\/v2\/pages"}],"about":[{"href":"https:\/\/www.becker-verhaltenstherapie.de\/index.php?rest_route=\/wp\/v2\/types\/page"}],"author":[{"embeddable":true,"href":"https:\/\/www.becker-verhaltenstherapie.de\/index.php?rest_route=\/wp\/v2\/users\/1"}],"replies":[{"embeddable":true,"href":"https:\/\/www.becker-verhaltenstherapie.de\/index.php?rest_route=%2Fwp%2Fv2%2Fcomments&post=12"}],"version-history":[{"count":86,"href":"https:\/\/www.becker-verhaltenstherapie.de\/index.php?rest_route=\/wp\/v2\/pages\/12\/revisions"}],"predecessor-version":[{"id":412,"href":"https:\/\/www.becker-verhaltenstherapie.de\/index.php?rest_route=\/wp\/v2\/pages\/12\/revisions\/412"}],"wp:attachment":[{"href":"https:\/\/www.becker-verhaltenstherapie.de\/index.php?rest_route=%2Fwp%2Fv2%2Fmedia&parent=12"}],"curies":[{"name":"wp","href":"https:\/\/api.w.org\/{rel}","templated":true}]}}